{"id":32200,"date":"2024-12-31T00:02:04","date_gmt":"2024-12-31T00:02:04","guid":{"rendered":"http:\/\/67.202.1.253.nip.io\/?page_id=32200"},"modified":"2025-03-12T02:06:14","modified_gmt":"2025-03-12T02:06:14","slug":"blog-bibliotele-magazine","status":"publish","type":"page","link":"https:\/\/bibliotele.com\/eng\/blog-bibliotele-magazine\/","title":{"rendered":"Bibliotele Magazine"},"content":{"rendered":"<p>[et_pb_section fb_built=\u00bb1&#8243; admin_label=\u00bbHeader &#038; Blog\u00bb _builder_version=\u00bb4.25.1&#8243; _module_preset=\u00bbdefault\u00bb background_color=\u00bbgcid-8544a4e2-27b8-420a-83de-1cee04f2fb29&#8243; collapsed=\u00bbon\u00bb global_colors_info=\u00bb{%22gcid-8544a4e2-27b8-420a-83de-1cee04f2fb29%22:%91%22background_color%22%93}\u00bb][et_pb_row _builder_version=\u00bb4.25.1&#8243; _module_preset=\u00bbdefault\u00bb locked=\u00bboff\u00bb global_colors_info=\u00bb{}\u00bb][et_pb_column type=\u00bb4_4&#8243; _builder_version=\u00bb4.25.1&#8243; _module_preset=\u00bbdefault\u00bb global_colors_info=\u00bb{}\u00bb][et_pb_heading title=\u00bbBibliotele Magazine\u00bb _builder_version=\u00bb4.27.4&#8243; _module_preset=\u00bb1b7542f8-5142-4540-8606-05ad5b6d8bdd\u00bb title_font=\u00bbFraunces||||||||\u00bb title_font_size=\u00bb85px\u00bb custom_padding=\u00bb20px||||false|false\u00bb title_font_size_tablet=\u00bb55px\u00bb title_font_size_phone=\u00bb31px\u00bb title_font_size_last_edited=\u00bbon|phone\u00bb border_width_top=\u00bb2px\u00bb locked=\u00bboff\u00bb global_colors_info=\u00bb{}\u00bb][\/et_pb_heading][et_pb_post_slider orderby=\u00bbtitle_asc\u00bb show_meta=\u00bboff\u00bb _builder_version=\u00bb4.27.4&#8243; _module_preset=\u00bbb0d14e99-9048-41f7-bda3-f4d98f7d5ea1&#8243; locked=\u00bboff\u00bb global_colors_info=\u00bb{%22gcid-bcc99e3b-722a-4dba-85e5-49c6d1592562%22:%91%22link_text_color%22,%22quote_border_color%22,%22link_text_color%22,%22quote_border_color%22%93,%22gcid-fa3e187d-20a7-4c5a-962d-49a38117a4cc%22:%91%22quote_text_color%22,%22quote_text_color%22%93}\u00bb quote_font_size_tablet=\u00bb18px\u00bb quote_font_size_phone=\u00bb16px\u00bb quote_font_size_last_edited=\u00bbon|phone\u00bb][\/et_pb_post_slider][et_pb_blog posts_number=\u00bb9&#8243; include_categories=\u00bb27,21,20&#8243; show_author=\u00bboff\u00bb show_date=\u00bboff\u00bb masonry_tile_background_color=\u00bbrgba(255,255,255,0.6)\u00bb _builder_version=\u00bb4.27.4&#8243; _module_preset=\u00bb60469ed3-30b5-4403-b40c-0a41912afcaa\u00bb hover_enabled=\u00bb0&#8243; custom_css_read_more=\u00bbmargin-top: 10px !important;||display: block;\u00bb locked=\u00bboff\u00bb global_colors_info=\u00bb{%22gcid-bcc99e3b-722a-4dba-85e5-49c6d1592562%22:%91%22link_text_color%22,%22quote_border_color%22%93,%22gcid-fa3e187d-20a7-4c5a-962d-49a38117a4cc%22:%91%22quote_text_color%22,%22meta_text_color%22,%22header_text_color%22,%22read_more_text_color%22%93}\u00bb sticky_enabled=\u00bb0&#8243;][\/et_pb_blog][\/et_pb_column][\/et_pb_row][\/et_pb_section][et_pb_section fb_built=\u00bb1&#8243; admin_label=\u00bbFooter\u00bb _builder_version=\u00bb4.27.4&#8243; _module_preset=\u00bbdefault\u00bb background_color=\u00bbgcid-8544a4e2-27b8-420a-83de-1cee04f2fb29&#8243; custom_margin=\u00bb-50px||||false|false\u00bb custom_margin_tablet=\u00bb-100px||||false|false\u00bb custom_margin_phone=\u00bb-100px||||false|false\u00bb custom_margin_last_edited=\u00bbon|desktop\u00bb saved_tabs=\u00bball\u00bb collapsed=\u00bbon\u00bb global_colors_info=\u00bb{%22gcid-8544a4e2-27b8-420a-83de-1cee04f2fb29%22:%91%22background_color%22%93}\u00bb][et_pb_row _builder_version=\u00bb4.27.4&#8243; _module_preset=\u00bbdefault\u00bb global_colors_info=\u00bb{}\u00bb][et_pb_column type=\u00bb4_4&#8243; _builder_version=\u00bb4.25.1&#8243; _module_preset=\u00bbdefault\u00bb global_colors_info=\u00bb{}\u00bb][et_pb_heading title=\u00bbS\u00e9 parte de nuestra comunidad\u00bb _builder_version=\u00bb4.27.4&#8243; _module_preset=\u00bb32ec9630-ea4d-4a29-802b-bb043d6cda05&#8243; global_colors_info=\u00bb{}\u00bb][\/et_pb_heading][et_pb_text _builder_version=\u00bb4.27.4&#8243; _module_preset=\u00bb47931ca4-d6b1-4870-9a31-a3e986e5838c\u00bb width=\u00bb100%\u00bb custom_margin=\u00bb|0px|||false|false\u00bb custom_margin_tablet=\u00bb|0px|||false|false\u00bb custom_margin_phone=\u00bb|0px|||false|false\u00bb custom_margin_last_edited=\u00bbon|phone\u00bb global_colors_info=\u00bb{}\u00bb]<\/p>\n<p style=\"text-align: justify;\">Si te encanta el cine, el teatro o tienes una historia que contar sobre c\u00f3mo has usado contenido audiovisual para educar o inspirar, \u00a1queremos escucharte! En Bibliotele Magazine estamos buscando personas apasionadas como t\u00fa, que quieran compartir sus ideas y experiencias con nuestra comunidad. Puedes escribirnos sobre el impacto del cine en las aulas o en las bibliotecas, noticias del s\u00e9ptimo arte en tu pa\u00eds, esa pel\u00edcula que marc\u00f3 tu vida y quieres recomendar, o la magia de las obras de teatro. Este es un espacio para conectar, compartir y disfrutar juntos de todo lo que nos inspira.<\/p>\n<p style=\"text-align: justify;\">An\u00edmate a ser parte de este proyecto donde el conocimiento y el entretenimiento van de la mano. Haz clic en \u00a1Quiero Colaborar!\u00a0y \u00fanete a nuestra misi\u00f3n de llevar cultura y educaci\u00f3n al alcance de todos. \u00a1Te esperamos!<\/p>\n<p>[\/et_pb_text][\/et_pb_column][\/et_pb_row][et_pb_row column_structure=\u00bb1_2,1_2&#8243; _builder_version=\u00bb4.27.4&#8243; _module_preset=\u00bbdefault\u00bb global_colors_info=\u00bb{}\u00bb][et_pb_column type=\u00bb1_2&#8243; _builder_version=\u00bb4.27.4&#8243; _module_preset=\u00bbdefault\u00bb global_colors_info=\u00bb{}\u00bb][et_pb_blurb title=\u00bbJavier Hidalgo\u00bb image=\u00bbhttp:\/\/bibliotele.com\/wp-content\/uploads\/2025\/01\/Screenshot-2025-01-01-at-11.02.07\u202fAM.png\u00bb alt=\u00bbJavier Hidalgo. Bibliotele\u00bb icon_placement=\u00bbleft\u00bb image_icon_width=\u00bb100px\u00bb _builder_version=\u00bb4.27.4&#8243; _module_preset=\u00bbdefault\u00bb header_level=\u00bbh3&#8243; header_font=\u00bbFraunces||||||||\u00bb header_font_size=\u00bb27px\u00bb module_alignment=\u00bbleft\u00bb custom_margin=\u00bb0px||||false|false\u00bb custom_padding=\u00bb0px||||false|false\u00bb hover_enabled=\u00bb0&#8243; border_radii_image=\u00bbon|70px|70px|70px|70px\u00bb global_colors_info=\u00bb{}\u00bb title_text=\u00bbJavier Hidalgo. Bibliotele\u00bb sticky_enabled=\u00bb0&#8243;]<\/p>\n<p>Director Editorial<\/p>\n<p>&nbsp;<\/p>\n<p>[\/et_pb_blurb][\/et_pb_column][et_pb_column type=\u00bb1_2&#8243; _builder_version=\u00bb4.27.4&#8243; _module_preset=\u00bbdefault\u00bb global_colors_info=\u00bb{}\u00bb][et_pb_button button_url=\u00bb\/hablemos\/\u00bb url_new_window=\u00bbon\u00bb button_text=\u00bb\u00a1Quiero Colaborar!\u00bb button_alignment=\u00bbleft\u00bb button_alignment_tablet=\u00bbcenter\u00bb button_alignment_phone=\u00bbcenter\u00bb button_alignment_last_edited=\u00bbon|tablet\u00bb _builder_version=\u00bb4.27.4&#8243; _module_preset=\u00bbdefault\u00bb custom_button=\u00bbon\u00bb button_text_size=\u00bb20px\u00bb button_text_color=\u00bb#ffffff\u00bb button_bg_color=\u00bb#164e4e\u00bb button_border_color=\u00bbRGBA(255,255,255,0)\u00bb button_border_radius=\u00bb8px\u00bb button_font=\u00bb||||||||\u00bb button_icon=\u00bb&#x3d;||divi||400&#8243; button_icon_color=\u00bb#ffffff\u00bb background_layout=\u00bbdark\u00bb global_colors_info=\u00bb{}\u00bb][\/et_pb_button][\/et_pb_column][\/et_pb_row][\/et_pb_section]<\/p>","protected":false},"excerpt":{"rendered":"<p>Si te encanta el cine, el teatro o tienes una historia que contar sobre c\u00f3mo has usado contenido audiovisual para educar o inspirar, \u00a1queremos escucharte! En Bibliotele Magazine estamos buscando personas apasionadas como t\u00fa, que quieran compartir sus ideas y experiencias con nuestra comunidad. Puedes escribirnos sobre el impacto del cine en las aulas o en las bibliotecas, noticias del s\u00e9ptimo arte en tu pa\u00eds, esa pel\u00edcula que marc\u00f3 tu vida y quieres recomendar, o la magia de las obras de teatro. Este es un espacio para conectar, compartir y disfrutar juntos de todo lo que nos inspira. An\u00edmate a ser parte de este proyecto donde el conocimiento y el entretenimiento van de la mano. Haz clic en \u00a1Quiero Colaborar!\u00a0y \u00fanete a nuestra misi\u00f3n de llevar cultura y educaci\u00f3n al alcance de todos. \u00a1Te esperamos!Director Editorial &nbsp;<\/p>","protected":false},"author":2,"featured_media":0,"parent":0,"menu_order":0,"comment_status":"closed","ping_status":"closed","template":"","meta":{"_et_pb_use_builder":"on","_et_pb_old_content":"","_et_gb_content_width":"","content-type":"","footnotes":""},"class_list":["post-32200","page","type-page","status-publish","hentry"],"_links":{"self":[{"href":"https:\/\/bibliotele.com\/eng\/wp-json\/wp\/v2\/pages\/32200","targetHints":{"allow":["GET"]}}],"collection":[{"href":"https:\/\/bibliotele.com\/eng\/wp-json\/wp\/v2\/pages"}],"about":[{"href":"https:\/\/bibliotele.com\/eng\/wp-json\/wp\/v2\/types\/page"}],"author":[{"embeddable":true,"href":"https:\/\/bibliotele.com\/eng\/wp-json\/wp\/v2\/users\/2"}],"replies":[{"embeddable":true,"href":"https:\/\/bibliotele.com\/eng\/wp-json\/wp\/v2\/comments?post=32200"}],"version-history":[{"count":14,"href":"https:\/\/bibliotele.com\/eng\/wp-json\/wp\/v2\/pages\/32200\/revisions"}],"predecessor-version":[{"id":33312,"href":"https:\/\/bibliotele.com\/eng\/wp-json\/wp\/v2\/pages\/32200\/revisions\/33312"}],"wp:attachment":[{"href":"https:\/\/bibliotele.com\/eng\/wp-json\/wp\/v2\/media?parent=32200"}],"curies":[{"name":"wp","href":"https:\/\/api.w.org\/{rel}","templated":true}]}}