{"id":3305,"date":"2024-11-19T15:45:20","date_gmt":"2024-11-19T15:45:20","guid":{"rendered":"https:\/\/bibliotele.com\/?page_id=3305"},"modified":"2025-03-02T19:24:17","modified_gmt":"2025-03-02T19:24:17","slug":"help","status":"publish","type":"page","link":"https:\/\/bibliotele.com\/eng\/help\/","title":{"rendered":"I need help"},"content":{"rendered":"[et_pb_section fb_built=\u00bb1&#8243; admin_label=\u00bbHeader\u00bb _builder_version=\u00bb4.27.3&#8243; _module_preset=\u00bbdefault\u00bb background_color=\u00bb#012629&#8243; custom_padding=\u00bb||220px||false|false\u00bb locked=\u00bboff\u00bb collapsed=\u00bbon\u00bb global_colors_info=\u00bb{}\u00bb][et_pb_row _builder_version=\u00bb4.27.3&#8243; _module_preset=\u00bbdefault\u00bb background_color=\u00bb#FFFCF7&#8243; custom_padding=\u00bb0px||0px||true|false\u00bb box_shadow_style=\u00bbpreset4&#8243; box_shadow_horizontal=\u00bb40px\u00bb box_shadow_vertical=\u00bb40px\u00bb box_shadow_color=\u00bb#005F69&#8243; global_colors_info=\u00bb{}\u00bb][et_pb_column type=\u00bb4_4&#8243; _builder_version=\u00bb4.27.3&#8243; _module_preset=\u00bbdefault\u00bb custom_padding=\u00bb60px|8vw|60px|8vw|true|true\u00bb custom_padding_tablet=\u00bb30px|8vw|30px|8vw|true|true\u00bb custom_padding_phone=\u00bb30px||30px||true|true\u00bb custom_padding_last_edited=\u00bbon|tablet\u00bb box_shadow_style=\u00bbpreset4&#8243; box_shadow_horizontal=\u00bb20px\u00bb box_shadow_vertical=\u00bb20px\u00bb box_shadow_color=\u00bb#FFBA30&#8243; global_colors_info=\u00bb{}\u00bb][et_pb_text _builder_version=\u00bb4.27.4&#8243; _module_preset=\u00bb957a4042-c8de-4207-87d9-54684d7b16da\u00bb header_font=\u00bbFraunces|700|||||||\u00bb header_text_color=\u00bb#005F69&#8243; header_font_size=\u00bb65px\u00bb text_orientation=\u00bbcenter\u00bb custom_margin=\u00bb||10px||false|false\u00bb global_colors_info=\u00bb{}\u00bb]<h1>Need help?<\/h1>[\/et_pb_text][et_pb_text _builder_version=\u00bb4.27.4&#8243; _module_preset=\u00bb6340fcab-cc0d-45fe-bcb9-1f7dcb0c558a\u00bb text_font=\u00bbMontserrat|500|||||||\u00bb text_text_color=\u00bb#012629&#8243; custom_margin=\u00bb||35px||false|false\u00bb global_colors_info=\u00bb{}\u00bb]<p>Do you have a technical issue or need assistance using Bibliotele?<\/p>\n<p>Please fill out the form below and our support team will be in touch with you to resolve any issues or queries you may have. We are here to make sure your experience is as smooth as possible.<\/p>[\/et_pb_text][et_pb_code admin_label=\u00bbfes\u00bb module_class=\u00bbfes\u00bb _builder_version=\u00bb4.27.4&#8243; _module_preset=\u00bbdefault\u00bb global_colors_info=\u00bb{}\u00bb]<script charset=\"utf-8\" type=\"text\/javascript\" src=\"\/\/js.hsforms.net\/forms\/embed\/v2.js\"><\/script><!-- [et_pb_line_break_holder] --><script><!-- [et_pb_line_break_holder] -->  hbspt.forms.create({<!-- [et_pb_line_break_holder] -->    portalId: \"24416899\",<!-- [et_pb_line_break_holder] -->    formId: \"1d5d0845-fc3f-4914-b9de-3150edc85702\"<!-- [et_pb_line_break_holder] -->  });<!-- [et_pb_line_break_holder] --><\/script>[\/et_pb_code][et_pb_code admin_label=\u00bbfen\u00bb module_class=\u00bbfen\u00bb _builder_version=\u00bb4.27.4&#8243; _module_preset=\u00bbdefault\u00bb global_colors_info=\u00bb{}\u00bb]<script charset=\"utf-8\" type=\"text\/javascript\" src=\"\/\/js.hsforms.net\/forms\/embed\/v2.js\"><\/script><!-- [et_pb_line_break_holder] --><script><!-- [et_pb_line_break_holder] -->  hbspt.forms.create({<!-- [et_pb_line_break_holder] -->    portalId: \"24416899\",<!-- [et_pb_line_break_holder] -->    formId: \"a3ee86eb-7c7d-4db0-8ae3-37097ac8be31\"<!-- [et_pb_line_break_holder] -->  });<!-- [et_pb_line_break_holder] --><\/script>[\/et_pb_code][\/et_pb_column][\/et_pb_row][\/et_pb_section]","protected":false},"excerpt":{"rendered":"<p>\u00bfNecesitas ayuda?\u00bfTienes alguna incidencia t\u00e9cnica o necesitas asistencia para usar Bibliotele? Completa el formulario a continuaci\u00f3n y nuestro equipo de soporte se pondr\u00e1 en contacto contigo para resolver cualquier inconveniente o duda que tengas. Estamos aqu\u00ed para asegurarnos de que tu experiencia sea lo m\u00e1s fluida posible.<\/p>","protected":false},"author":4,"featured_media":0,"parent":0,"menu_order":0,"comment_status":"closed","ping_status":"closed","template":"","meta":{"_et_pb_use_builder":"on","_et_pb_old_content":"","_et_gb_content_width":"","content-type":"","footnotes":""},"class_list":["post-3305","page","type-page","status-publish","hentry"],"_links":{"self":[{"href":"https:\/\/bibliotele.com\/eng\/wp-json\/wp\/v2\/pages\/3305","targetHints":{"allow":["GET"]}}],"collection":[{"href":"https:\/\/bibliotele.com\/eng\/wp-json\/wp\/v2\/pages"}],"about":[{"href":"https:\/\/bibliotele.com\/eng\/wp-json\/wp\/v2\/types\/page"}],"author":[{"embeddable":true,"href":"https:\/\/bibliotele.com\/eng\/wp-json\/wp\/v2\/users\/4"}],"replies":[{"embeddable":true,"href":"https:\/\/bibliotele.com\/eng\/wp-json\/wp\/v2\/comments?post=3305"}],"version-history":[{"count":12,"href":"https:\/\/bibliotele.com\/eng\/wp-json\/wp\/v2\/pages\/3305\/revisions"}],"predecessor-version":[{"id":33090,"href":"https:\/\/bibliotele.com\/eng\/wp-json\/wp\/v2\/pages\/3305\/revisions\/33090"}],"wp:attachment":[{"href":"https:\/\/bibliotele.com\/eng\/wp-json\/wp\/v2\/media?parent=3305"}],"curies":[{"name":"wp","href":"https:\/\/api.w.org\/{rel}","templated":true}]}}